 {"id":20337,"date":"2026-02-24T07:58:23","date_gmt":"2026-02-24T07:58:23","guid":{"rendered":"https:\/\/autoatslegu.lv\/emergency-unlock-24-7\/"},"modified":"2026-02-24T08:21:15","modified_gmt":"2026-02-24T08:21:15","slug":"emergency-unlock-24-7","status":"publish","type":"page","link":"https:\/\/autoatslegu.lv\/en\/emergency-unlock-24-7\/","title":{"rendered":"Emergency Unlock 24\/7"},"content":{"rendered":"\t\t<div data-elementor-type=\"wp-page\" data-elementor-id=\"20337\" class=\"elementor elementor-20337 elementor-20312\">\n\t\t\t\t<div class=\"elementor-element elementor-element-cb9a6f4 e-con-full e-flex e-con e-parent\" data-id=\"cb9a6f4\" data-element_type=\"container\" data-e-type=\"container\">\n\t\t\t\t<div class=\"elementor-element elementor-element-388f3eb elementor-widget elementor-widget-wd_text_block\" data-id=\"388f3eb\" data-element_type=\"widget\" data-e-type=\"widget\" data-widget_type=\"wd_text_block.default\">\n\t\t\t\t<div class=\"elementor-widget-container\">\n\t\t\t\t\t\t\t<div class=\"wd-text-block reset-last-child text-left\">\n\t\t\t\n\t\t\t<h1 style=\"text-align: center;\"><span style=\"color: #00ff00;\"><em><strong>\ud83c\udd98 SOS Lock Service 24\/7 in Riga and Surrounding Areas (up to 65 km)<\/strong><\/em><\/span><\/h1><h3 data-start=\"334\" data-end=\"581\"><em>24\/7 emergency locksmith service in Riga \u2014 fast and professional assistance if you are locked out of your apartment, house, office, or vehicle. Our technicians serve Riga and nearby areas within a 65 km radius, typically arriving within 15\u201360 minutes. <\/em><\/h3><h4 data-start=\"583\" data-end=\"678\"><em>We operate day and night, including weekends and holidays, providing safe, non-destructive door opening whenever possible.<\/em><\/h4><div class=\"elementor-element elementor-element-37799ad wd-width-100 elementor-widget elementor-widget-wd_title\" data-id=\"37799ad\" data-element_type=\"widget\" data-widget_type=\"wd_title.default\"><div class=\"elementor-widget-container\"><div class=\"title-wrapper set-mb-s reset-last-child wd-title-color-default wd-title-style-default wd-title-size-default text-left\"><div class=\"liner-continer\"><h4 class=\"woodmart-title-container title wd-fontsize-l\" style=\"text-align: left;\"><span style=\"color: #00ff00;\"><strong><em>   <\/em><\/strong><\/span><\/h4><h2 style=\"text-align: center;\" data-start=\"685\" data-end=\"720\"><strong><em><span style=\"color: #00ff00;\">\ud83d\udd11 Emergency Locksmith Services in Riga<\/span><\/em><\/strong><\/h2><ul data-start=\"722\" data-end=\"993\"><li data-start=\"722\" data-end=\"789\"><h4 data-start=\"724\" data-end=\"789\"><em><strong>\ud83d\udeaa Non-destructive opening of apartment, house, and office doors<\/strong><\/em><\/h4><\/li><li data-start=\"790\" data-end=\"853\"><h4 data-start=\"792\" data-end=\"853\"><em><strong>\ud83d\ude97 Car door and trunk opening in Riga and surrounding areas<\/strong><\/em><\/h4><\/li><li data-start=\"854\" data-end=\"897\"><h4 data-start=\"856\" data-end=\"897\"><em><strong>\ud83d\udd10 Safe and metal door opening<\/strong><\/em><\/h4><\/li><li data-start=\"898\" data-end=\"953\"><h4 data-start=\"900\" data-end=\"953\"><em><strong>\ud83d\udd04 Lock replacement and repair on-site<\/strong><\/em><\/h4><\/li><li data-start=\"954\" data-end=\"993\"><h4 data-start=\"956\" data-end=\"993\"><em><strong>\ud83e\uddf0 Emergency lock service 24\/7<\/strong><\/em><\/h4><\/li><\/ul><h5 style=\"text-align: center;\" data-start=\"995\" data-end=\"1079\"><em><span style=\"color: #ffff00;\">We use professional tools to ensure your doors and locks remain<strong data-start=\"1044\" data-end=\"1078\"> undamaged whenever possible.<\/strong> <\/span><\/em><\/h5><hr data-start=\"1081\" data-end=\"1084\"><h2 style=\"text-align: center;\" data-start=\"1086\" data-end=\"1135\"><span style=\"color: #00ff00;\"><em><strong>\ud83d\udccd Service Area \u2014 Riga &amp; Surrounding Regions (Up to 65 km)<\/strong><\/em><\/span><\/h2><h2 style=\"text-align: center;\" data-start=\"1137\" data-end=\"1202\"><em>Our emergency locksmiths operate throughout Riga and nearby locations, including:<\/em><\/h2><ul data-start=\"1204\" data-end=\"1443\"><li data-start=\"1204\" data-end=\"1289\"><h4 data-start=\"1206\" data-end=\"1289\"><em><strong>Riga districts: Center, Purvciems, Me\u017eciems, Imanta, Zolit\u016bde, Teika, Jugla, P\u013cavnieki, \u0136engarags, Vecm\u012blgr\u0101vis, Bolder\u0101ja, and more.<\/strong><\/em><\/h4><\/li><li data-start=\"1290\" data-end=\"1319\"><h4 data-start=\"1292\" data-end=\"1319\"><em><strong>M\u0101rupe, Olaine, Salaspils<\/strong><\/em><\/h4><\/li><li data-start=\"1320\" data-end=\"1350\"><h4 data-start=\"1322\" data-end=\"1350\"><em><strong>\u0100da\u017ei, Carnikava, Garkalne<\/strong><\/em><\/h4><\/li><li data-start=\"1351\" data-end=\"1368\"><h4 data-start=\"1353\" data-end=\"1368\"><em><strong>Bab\u012bte, Pi\u0146\u0137i<\/strong><\/em><\/h4><\/li><li data-start=\"1369\" data-end=\"1395\"><h4 data-start=\"1371\" data-end=\"1395\"><em><strong>Ik\u0161\u0137ile, Ogre, Baldone<\/strong><\/em><\/h4><\/li><li data-start=\"1396\" data-end=\"1443\"><h4 data-start=\"1398\" data-end=\"1443\"><em><strong>\u2026and other areas within a 65 km radius of Riga.<\/strong><\/em><\/h4><\/li><\/ul><h3 data-start=\"1445\" data-end=\"1525\"><em><strong>\ud83d\udccc Our workshop locations are fixed, but for emergency calls our technicians quickly travel to the client\u2019s location.<\/strong><\/em><\/h3><h2 style=\"text-align: center;\" data-start=\"1532\" data-end=\"1573\"><span style=\"color: #00ff00;\"><em>\u2b50 Why choose AutoAtslegu.lv in Riga<\/em><\/span><\/h2><ul data-start=\"1575\" data-end=\"1807\"><li data-start=\"1575\" data-end=\"1631\"><h4 data-start=\"1577\" data-end=\"1631\"><em>\u2714\ufe0f Over 20 years of locksmith experience<\/em><\/h4><\/li><li data-start=\"1632\" data-end=\"1684\"><h4 data-start=\"1634\" data-end=\"1684\"><em>\u2714\ufe0f Certified technicians with strong local expertise<\/em><\/h4><\/li><li data-start=\"1685\" data-end=\"1725\"><h4 data-start=\"1687\" data-end=\"1725\"><em>\u2714\ufe0f Fast arrival across the Riga region<\/em><\/h4><\/li><li data-start=\"1726\" data-end=\"1771\"><h4 data-start=\"1728\" data-end=\"1771\"><em>\u2714\ufe0f Transparent pricing \u2014 no hidden fees<\/em><\/h4><\/li><li data-start=\"1772\" data-end=\"1807\"><h4 data-start=\"1774\" data-end=\"1807\"><em>\u2714\ufe0f Available 24\/7, including holidays<\/em><\/h4><h4 class=\"woodmart-title-container title wd-fontsize-l\"><strong><em>\u2714\ufe0f Free consultation<\/em><\/strong><\/h4><\/li><\/ul><h4 style=\"text-align: center;\" data-start=\"1809\" data-end=\"1880\"><span style=\"color: #ffff00;\"><em>We guarantee <strong data-start=\"1824\" data-end=\"1879\">security, confidentiality, and high-quality workmanship.<\/strong><\/em><\/span><\/h4><h2 style=\"text-align: center;\" data-start=\"1887\" data-end=\"1937\"><span style=\"color: #00ff00;\"><em>\ud83d\udcde Emergency Assistance in Riga \u2014 Contact Us Now <\/em><\/span><\/h2><h4 data-start=\"1939\" data-end=\"2133\"><em><strong>Locked out or need urgent help? Call or message us anytime.<\/strong><\/em><br data-start=\"2035\" data-end=\"2038\"><em><strong>You can also use the contact form, and our operator will get back to you within minutes.<\/strong><\/em><\/h4><h3 data-start=\"2135\" data-end=\"2203\"><em><strong>\ud83c\udd98 24\/7 locksmith service in Riga \u2014 your safety is our priority.<\/strong><\/em><\/h3><h4 class=\"woodmart-title-container title wd-fontsize-l\" style=\"text-align: center;\"><span style=\"color: #00ff00;\"><strong><em> <\/em><\/strong><\/span><\/h4><\/div><\/div><\/div><\/div><div class=\"elementor-element elementor-element-d970b02 elementor-widget__width-auto elementor-widget elementor-widget-wd_button\" data-id=\"d970b02\" data-element_type=\"widget\" data-widget_type=\"wd_button.default\"><div class=\"elementor-widget-container\"><h2 class=\"wd-button-wrapper text-left\" style=\"text-align: center;\"><strong><span style=\"color: #ff0000;\"><a class=\"btn btn-style-bordered btn-style-semi-round btn-size-default btn-color-white btn-icon-pos-left\" style=\"color: #ff0000;\" href=\"https:\/\/whatsapp.com\/channel\/0029VaABM9c05MUeN2ntFy1x\" target=\"_blank\" rel=\"noopener\"> <span class=\"wd-btn-text\" data-elementor-setting-key=\"text\"><em> WHATSAPP<\/em> <\/span> <\/a><\/span><\/strong><\/h2><\/div><\/div>\n\t\t\t\t\t<\/div>\n\t\t\t\t\t\t<\/div>\n\t\t\t\t<\/div>\n\t\t\t\t<\/div>\n\t\t<div class=\"wd-negative-gap elementor-element elementor-element-f80f19a e-grid e-con-boxed e-con e-parent\" data-id=\"f80f19a\" data-element_type=\"container\" data-e-type=\"container\">\n\t\t\t\t\t<div class=\"e-con-inner\">\n\t\t\t\t<div class=\"elementor-element elementor-element-6fe150f wd-width-100 elementor-widget elementor-widget-wd_video\" data-id=\"6fe150f\" data-element_type=\"widget\" data-e-type=\"widget\" data-widget_type=\"wd_video.default\">\n\t\t\t\t<div class=\"elementor-widget-container\">\n\t\t\t\t\t\n\t\t<div class=\"wd-el-video wd-action-without wd-video-hosted\">\n\t\t\t\t\t\t\t<video src=\"https:\/\/autoatslegu.lv\/wp-content\/uploads\/2024\/02\/d19b81c3b90548b7b08f43eda14c1a9c.mp4\" playsinline muted controls preload=\"auto\"><\/video>\t\t\t\n\t\t\t\n\t\t\t\n\t\t\t\t\t<\/div>\n\t\t\t\t\t\t<\/div>\n\t\t\t\t<\/div>\n\t\t\t\t<div class=\"elementor-element elementor-element-5adc424 elementor-widget elementor-widget-wd_image_or_svg\" data-id=\"5adc424\" data-element_type=\"widget\" data-e-type=\"widget\" data-widget_type=\"wd_image_or_svg.default\">\n\t\t\t\t<div class=\"elementor-widget-container\">\n\t\t\t\t\t\n\t\t<div class=\"wd-image text-left\">\n\t\t\t\t\t\t\t\t<img loading=\"lazy\" decoding=\"async\" width=\"580\" height=\"400\" src=\"https:\/\/autoatslegu.lv\/wp-content\/uploads\/2026\/01\/WhatsApp-Image-2026-01-22-at-01.54.45-39-1-580x400.jpeg\" class=\"attachment-580x400 size-580x400\" alt=\"\" \/>\t\t\t\t\t<\/div>\n\n\t\t\t\t\t\t<\/div>\n\t\t\t\t<\/div>\n\t\t\t\t\t<\/div>\n\t\t\t\t<\/div>\n\t\t\t\t<\/div>\n\t\t","protected":false},"excerpt":{"rendered":"<p>\ud83c\udd98 SOS Lock Service 24\/7 in Riga and Surrounding Areas (up to 65 km) 24\/7 emergency locksmith service in Riga<\/p>\n","protected":false},"author":1,"featured_media":0,"parent":0,"menu_order":0,"comment_status":"closed","ping_status":"closed","template":"","meta":{"footnotes":""},"class_list":["post-20337","page","type-page","status-publish","hentry"],"yoast_head":"<!-- This site is optimized with the Yoast SEO plugin v26.9 - https:\/\/yoast.com\/product\/yoast-seo-wordpress\/ -->\n<title>24\/7 Emergency Locksmith in Riga | Door &amp; Car Unlocking \u2013 AutoAtslegu.lv<\/title>\n<meta name=\"description\" content=\"Emergency locksmith service in Riga and surrounding areas within 65 km. Damage-free door, car and safe unlocking, lock replacement and repair. Fast arrival in 15\u201360 minutes, available 24\/7. Call now!\" \/>\n<meta name=\"robots\" content=\"index, follow, max-snippet:-1, max-image-preview:large, max-video-preview:-1\" \/>\n<link rel=\"canonical\" href=\"https:\/\/autoatslegu.lv\/en\/emergency-unlock-24-7\/\" \/>\n<meta property=\"og:locale\" content=\"en_US\" \/>\n<meta property=\"og:type\" content=\"article\" \/>\n<meta property=\"og:title\" content=\"24\/7 Emergency Locksmith in Riga | Door &amp; Car Unlocking \u2013 AutoAtslegu.lv\" \/>\n<meta property=\"og:description\" content=\"Emergency locksmith service in Riga and surrounding areas within 65 km. Damage-free door, car and safe unlocking, lock replacement and repair. Fast arrival in 15\u201360 minutes, available 24\/7. Call now!\" \/>\n<meta property=\"og:url\" content=\"https:\/\/autoatslegu.lv\/en\/emergency-unlock-24-7\/\" \/>\n<meta property=\"og:site_name\" content=\"AUTO ATSL\u0112GU SERVISS\" \/>\n<meta property=\"article:modified_time\" content=\"2026-02-24T08:21:15+00:00\" \/>\n<meta property=\"og:image\" content=\"https:\/\/autoatslegu.lv\/wp-content\/uploads\/2026\/01\/WhatsApp-Image-2026-01-22-at-01.54.45-39-1-580x400.jpeg\" \/>\n<meta name=\"twitter:card\" content=\"summary_large_image\" \/>\n<meta name=\"twitter:label1\" content=\"Est. reading time\" \/>\n\t<meta name=\"twitter:data1\" content=\"1 minute\" \/>\n<script type=\"application\/ld+json\" class=\"yoast-schema-graph\">{\"@context\":\"https:\/\/schema.org\",\"@graph\":[{\"@type\":\"WebPage\",\"@id\":\"https:\/\/autoatslegu.lv\/en\/emergency-unlock-24-7\/\",\"url\":\"https:\/\/autoatslegu.lv\/en\/emergency-unlock-24-7\/\",\"name\":\"24\/7 Emergency Locksmith in Riga | Door & Car Unlocking \u2013 AutoAtslegu.lv\",\"isPartOf\":{\"@id\":\"https:\/\/autoatslegu.lv\/#website\"},\"primaryImageOfPage\":{\"@id\":\"https:\/\/autoatslegu.lv\/en\/emergency-unlock-24-7\/#primaryimage\"},\"image\":{\"@id\":\"https:\/\/autoatslegu.lv\/en\/emergency-unlock-24-7\/#primaryimage\"},\"thumbnailUrl\":\"https:\/\/autoatslegu.lv\/wp-content\/uploads\/2026\/01\/WhatsApp-Image-2026-01-22-at-01.54.45-39-1-580x400.jpeg\",\"datePublished\":\"2026-02-24T07:58:23+00:00\",\"dateModified\":\"2026-02-24T08:21:15+00:00\",\"description\":\"Emergency locksmith service in Riga and surrounding areas within 65 km. Damage-free door, car and safe unlocking, lock replacement and repair. Fast arrival in 15\u201360 minutes, available 24\/7. Call now!\",\"breadcrumb\":{\"@id\":\"https:\/\/autoatslegu.lv\/en\/emergency-unlock-24-7\/#breadcrumb\"},\"inLanguage\":\"en-US\",\"potentialAction\":[{\"@type\":\"ReadAction\",\"target\":[\"https:\/\/autoatslegu.lv\/en\/emergency-unlock-24-7\/\"]}]},{\"@type\":\"ImageObject\",\"inLanguage\":\"en-US\",\"@id\":\"https:\/\/autoatslegu.lv\/en\/emergency-unlock-24-7\/#primaryimage\",\"url\":\"https:\/\/autoatslegu.lv\/wp-content\/uploads\/2026\/01\/WhatsApp-Image-2026-01-22-at-01.54.45-39-1-580x400.jpeg\",\"contentUrl\":\"https:\/\/autoatslegu.lv\/wp-content\/uploads\/2026\/01\/WhatsApp-Image-2026-01-22-at-01.54.45-39-1-580x400.jpeg\"},{\"@type\":\"BreadcrumbList\",\"@id\":\"https:\/\/autoatslegu.lv\/en\/emergency-unlock-24-7\/#breadcrumb\",\"itemListElement\":[{\"@type\":\"ListItem\",\"position\":1,\"name\":\"Home\",\"item\":\"https:\/\/autoatslegu.lv\/ru\/\"},{\"@type\":\"ListItem\",\"position\":2,\"name\":\"Emergency Unlock 24\/7\"}]},{\"@type\":\"WebSite\",\"@id\":\"https:\/\/autoatslegu.lv\/#website\",\"url\":\"https:\/\/autoatslegu.lv\/\",\"name\":\"AUTO ATSL\u0112GU SERVISS\",\"description\":\"KEY &amp; LOCK\",\"potentialAction\":[{\"@type\":\"SearchAction\",\"target\":{\"@type\":\"EntryPoint\",\"urlTemplate\":\"https:\/\/autoatslegu.lv\/?s={search_term_string}\"},\"query-input\":{\"@type\":\"PropertyValueSpecification\",\"valueRequired\":true,\"valueName\":\"search_term_string\"}}],\"inLanguage\":\"en-US\"}]}<\/script>\n<!-- \/ Yoast SEO plugin. -->","yoast_head_json":{"title":"24\/7 Emergency Locksmith in Riga | Door & Car Unlocking \u2013 AutoAtslegu.lv","description":"Emergency locksmith service in Riga and surrounding areas within 65 km. Damage-free door, car and safe unlocking, lock replacement and repair. Fast arrival in 15\u201360 minutes, available 24\/7. Call now!","robots":{"index":"index","follow":"follow","max-snippet":"max-snippet:-1","max-image-preview":"max-image-preview:large","max-video-preview":"max-video-preview:-1"},"canonical":"https:\/\/autoatslegu.lv\/en\/emergency-unlock-24-7\/","og_locale":"en_US","og_type":"article","og_title":"24\/7 Emergency Locksmith in Riga | Door & Car Unlocking \u2013 AutoAtslegu.lv","og_description":"Emergency locksmith service in Riga and surrounding areas within 65 km. Damage-free door, car and safe unlocking, lock replacement and repair. Fast arrival in 15\u201360 minutes, available 24\/7. Call now!","og_url":"https:\/\/autoatslegu.lv\/en\/emergency-unlock-24-7\/","og_site_name":"AUTO ATSL\u0112GU SERVISS","article_modified_time":"2026-02-24T08:21:15+00:00","og_image":[{"url":"https:\/\/autoatslegu.lv\/wp-content\/uploads\/2026\/01\/WhatsApp-Image-2026-01-22-at-01.54.45-39-1-580x400.jpeg","type":"","width":"","height":""}],"twitter_card":"summary_large_image","twitter_misc":{"Est. reading time":"1 minute"},"schema":{"@context":"https:\/\/schema.org","@graph":[{"@type":"WebPage","@id":"https:\/\/autoatslegu.lv\/en\/emergency-unlock-24-7\/","url":"https:\/\/autoatslegu.lv\/en\/emergency-unlock-24-7\/","name":"24\/7 Emergency Locksmith in Riga | Door & Car Unlocking \u2013 AutoAtslegu.lv","isPartOf":{"@id":"https:\/\/autoatslegu.lv\/#website"},"primaryImageOfPage":{"@id":"https:\/\/autoatslegu.lv\/en\/emergency-unlock-24-7\/#primaryimage"},"image":{"@id":"https:\/\/autoatslegu.lv\/en\/emergency-unlock-24-7\/#primaryimage"},"thumbnailUrl":"https:\/\/autoatslegu.lv\/wp-content\/uploads\/2026\/01\/WhatsApp-Image-2026-01-22-at-01.54.45-39-1-580x400.jpeg","datePublished":"2026-02-24T07:58:23+00:00","dateModified":"2026-02-24T08:21:15+00:00","description":"Emergency locksmith service in Riga and surrounding areas within 65 km. Damage-free door, car and safe unlocking, lock replacement and repair. Fast arrival in 15\u201360 minutes, available 24\/7. Call now!","breadcrumb":{"@id":"https:\/\/autoatslegu.lv\/en\/emergency-unlock-24-7\/#breadcrumb"},"inLanguage":"en-US","potentialAction":[{"@type":"ReadAction","target":["https:\/\/autoatslegu.lv\/en\/emergency-unlock-24-7\/"]}]},{"@type":"ImageObject","inLanguage":"en-US","@id":"https:\/\/autoatslegu.lv\/en\/emergency-unlock-24-7\/#primaryimage","url":"https:\/\/autoatslegu.lv\/wp-content\/uploads\/2026\/01\/WhatsApp-Image-2026-01-22-at-01.54.45-39-1-580x400.jpeg","contentUrl":"https:\/\/autoatslegu.lv\/wp-content\/uploads\/2026\/01\/WhatsApp-Image-2026-01-22-at-01.54.45-39-1-580x400.jpeg"},{"@type":"BreadcrumbList","@id":"https:\/\/autoatslegu.lv\/en\/emergency-unlock-24-7\/#breadcrumb","itemListElement":[{"@type":"ListItem","position":1,"name":"Home","item":"https:\/\/autoatslegu.lv\/ru\/"},{"@type":"ListItem","position":2,"name":"Emergency Unlock 24\/7"}]},{"@type":"WebSite","@id":"https:\/\/autoatslegu.lv\/#website","url":"https:\/\/autoatslegu.lv\/","name":"AUTO ATSL\u0112GU SERVISS","description":"KEY &amp; LOCK","potentialAction":[{"@type":"SearchAction","target":{"@type":"EntryPoint","urlTemplate":"https:\/\/autoatslegu.lv\/?s={search_term_string}"},"query-input":{"@type":"PropertyValueSpecification","valueRequired":true,"valueName":"search_term_string"}}],"inLanguage":"en-US"}]}},"_links":{"self":[{"href":"https:\/\/autoatslegu.lv\/en\/wp-json\/wp\/v2\/pages\/20337","targetHints":{"allow":["GET"]}}],"collection":[{"href":"https:\/\/autoatslegu.lv\/en\/wp-json\/wp\/v2\/pages"}],"about":[{"href":"https:\/\/autoatslegu.lv\/en\/wp-json\/wp\/v2\/types\/page"}],"author":[{"embeddable":true,"href":"https:\/\/autoatslegu.lv\/en\/wp-json\/wp\/v2\/users\/1"}],"replies":[{"embeddable":true,"href":"https:\/\/autoatslegu.lv\/en\/wp-json\/wp\/v2\/comments?post=20337"}],"version-history":[{"count":1,"href":"https:\/\/autoatslegu.lv\/en\/wp-json\/wp\/v2\/pages\/20337\/revisions"}],"predecessor-version":[{"id":20339,"href":"https:\/\/autoatslegu.lv\/en\/wp-json\/wp\/v2\/pages\/20337\/revisions\/20339"}],"wp:attachment":[{"href":"https:\/\/autoatslegu.lv\/en\/wp-json\/wp\/v2\/media?parent=20337"}],"curies":[{"name":"wp","href":"https:\/\/api.w.org\/{rel}","templated":true}]}}